{"id":417,"date":"2023-03-07T09:40:16","date_gmt":"2023-03-07T07:40:16","guid":{"rendered":"https:\/\/baltsolar.no\/?post_type=product&#038;p=417"},"modified":"2023-04-07T12:12:25","modified_gmt":"2023-04-07T09:12:25","slug":"inverteris-huawei-sun2000-10ktl-m1-high-current-version","status":"publish","type":"product","link":"https:\/\/baltsolar.no\/en\/product\/inverteris-huawei-sun2000-10ktl-m1-high-current-version\/","title":{"rendered":"Inverteris HUAWEI SUN2000-10KTL-M1 (High Current Version)"},"content":{"rendered":"<p>Daugiau saul\u0117s energijos J\u016bs\u0173 namams: Palyginus su kit\u0173 gamintoj\u0173 inverteriais, Huawei prek\u0117s \u017eenklo produktas per ateinan\u010dius 20 met\u0173 gali pagaminti papildomus 3000 kWh! Inverterio efektyvumas siekia net 98.6 %!<br \/>\n<strong>Padidinta apsauga \u2013 vienas esmini\u0173 prioritet\u0173:<\/strong> Gaisro atveju, HUAWEI SUN 2000 M1 inverteris i\u0161sijungs automati\u0161kai vos per 2 sekundes. \u0160i apsauga atitinka JAV UL1699B saugumo standart\u0105. \u012emontuota i\u0161manioji PV apsaugos d\u0117\u017eut\u0117 (Smart PV Safety box built in) skirta aptikti galimus gedimus. Laiku pasteb\u0117ti neatitikimai pad\u0117s suma\u017einti i\u0161laidas j\u0173 tvarkymui ir \u017einoma, apsaugos namus nuo nelaiming\u0173 atsitikim\u0173.<br \/>\n<strong>Maloni patirtis vartotojui:<\/strong> Kompakti\u0161ko, simetri\u0161ko, stilingo dizaino produktas, kuris idealiai tinka sud\u0117ting\u0173 konstrukcij\u0173 stogams. D\u0117l nat\u016bralaus inverterio au\u0161inimo, pasi\u017eymi itin tyliu veikimo garsu. D\u0117l \u0161ios savyb\u0117s tinka naudoti ma\u017eai triuk\u0161mingose vietose, idealus variantas siekiant kurti jauki\u0105 ir rami\u0105 nam\u0173 aplink\u0105.<\/p>","protected":false},"excerpt":{"rendered":"<ul>\n<li>Efektyvumas: 98,1%<\/li>\n<li>Galingumas 10kW<\/li>\n<li>Garantija: 10m<\/li>\n<\/ul>","protected":false},"featured_media":415,"template":"","meta":{"inline_featured_image":false},"product_brand":[],"product_cat":[30,44],"product_tag":[110],"berocket_brand":[48],"class_list":{"0":"post-417","1":"product","2":"type-product","3":"status-publish","4":"has-post-thumbnail","6":"product_cat-solenergi","7":"product_cat-vekselretter","8":"product_tag-pa-lager","9":"pa_effekt-10kw","10":"pa_stromtilkobling-three-phase","11":"berocket_brand-huawei","13":"first","14":"instock","15":"shipping-taxable","16":"purchasable","17":"product-type-simple"},"_links":{"self":[{"href":"https:\/\/baltsolar.no\/en\/wp-json\/wp\/v2\/product\/417","targetHints":{"allow":["GET"]}}],"collection":[{"href":"https:\/\/baltsolar.no\/en\/wp-json\/wp\/v2\/product"}],"about":[{"href":"https:\/\/baltsolar.no\/en\/wp-json\/wp\/v2\/types\/product"}],"wp:featuredmedia":[{"embeddable":true,"href":"https:\/\/baltsolar.no\/en\/wp-json\/wp\/v2\/media\/415"}],"wp:attachment":[{"href":"https:\/\/baltsolar.no\/en\/wp-json\/wp\/v2\/media?parent=417"}],"wp:term":[{"taxonomy":"product_brand","embeddable":true,"href":"https:\/\/baltsolar.no\/en\/wp-json\/wp\/v2\/product_brand?post=417"},{"taxonomy":"product_cat","embeddable":true,"href":"https:\/\/baltsolar.no\/en\/wp-json\/wp\/v2\/product_cat?post=417"},{"taxonomy":"product_tag","embeddable":true,"href":"https:\/\/baltsolar.no\/en\/wp-json\/wp\/v2\/product_tag?post=417"},{"taxonomy":"berocket_brand","embeddable":true,"href":"https:\/\/baltsolar.no\/en\/wp-json\/wp\/v2\/berocket_brand?post=417"}],"curies":[{"name":"wp","href":"https:\/\/api.w.org\/{rel}","templated":true}]}}